{"id":2,"date":"2023-09-04T12:25:37","date_gmt":"2023-09-04T10:25:37","guid":{"rendered":"http:\/\/magical-witch-editions.com\/?page_id=2"},"modified":"2025-08-31T14:25:31","modified_gmt":"2025-08-31T12:25:31","slug":"page-d-exemple","status":"publish","type":"page","link":"https:\/\/magical-witch-editions.com\/index.php\/page-d-exemple\/","title":{"rendered":"A propos"},"content":{"rendered":"\n<blockquote class=\"wp-block-quote is-layout-flow wp-block-quote-is-layout-flow\">\n<p><\/p>\n<\/blockquote>\n\n\n\n<p class=\"has-black-color has-text-color\">L&#8217;aventure Magical Witch \u2606 a d\u00e9but\u00e9 en 2013 avec  Eleme qui voulait juste explorer et d\u00e9velopper le medium de la bande dessin\u00e9e. 10 ans et 8 livres plus tard l&#8217;aventure continue sur ce site! <\/p>\n\n\n\n<p>Derri\u00e8re Magical Witch se cache Eleme et Moonray qui sont co-auteurs et partenaires d&#8217;entreprise.<\/p>\n\n\n\n<p>Eleme<\/p>\n\n\n\n<p>Professeur d&#8217;arts plastiques et b\u00e9d\u00e9iste, elle a un style qui hybride le style manga et franco-belge. Ses th\u00e8mes de pr\u00e9dilections sont l&#8217;urban fantasy, les contes et les histoires du quotidien.<\/p>\n\n\n\n<div class=\"wp-block-group\"><div class=\"wp-block-group__inner-container is-layout-constrained wp-block-group-is-layout-constrained\">\n<figure class=\"wp-block-gallery has-nested-images columns-default is-cropped wp-block-gallery-1 is-layout-flex wp-block-gallery-is-layout-flex\">\n<figure class=\"wp-block-image size-large is-resized\"><img loading=\"lazy\" decoding=\"async\" width=\"815\" height=\"815\" data-id=\"383\" src=\"https:\/\/magical-witch-editions.com\/wp-content\/uploads\/2025\/08\/CartesVisite2022.jpg\" alt=\"\" class=\"wp-image-383\" style=\"width:316px;height:auto\" srcset=\"https:\/\/magical-witch-editions.com\/wp-content\/uploads\/2025\/08\/CartesVisite2022.jpg 815w, https:\/\/magical-witch-editions.com\/wp-content\/uploads\/2025\/08\/CartesVisite2022-300x300.jpg 300w, https:\/\/magical-witch-editions.com\/wp-content\/uploads\/2025\/08\/CartesVisite2022-150x150.jpg 150w, https:\/\/magical-witch-editions.com\/wp-content\/uploads\/2025\/08\/CartesVisite2022-768x768.jpg 768w, https:\/\/magical-witch-editions.com\/wp-content\/uploads\/2025\/08\/CartesVisite2022-324x324.jpg 324w, https:\/\/magical-witch-editions.com\/wp-content\/uploads\/2025\/08\/CartesVisite2022-416x416.jpg 416w, https:\/\/magical-witch-editions.com\/wp-content\/uploads\/2025\/08\/CartesVisite2022-100x100.jpg 100w\" sizes=\"auto, (max-width: 815px) 100vw, 815px\" \/><\/figure>\n\n\n\n<figure class=\"wp-block-image size-large is-resized\"><img loading=\"lazy\" decoding=\"async\" width=\"440\" height=\"440\" data-id=\"386\" src=\"https:\/\/magical-witch-editions.com\/wp-content\/uploads\/2025\/08\/TofJE2023C-edited.png\" alt=\"\" class=\"wp-image-386\" style=\"width:367px;height:auto\" srcset=\"https:\/\/magical-witch-editions.com\/wp-content\/uploads\/2025\/08\/TofJE2023C-edited.png 440w, https:\/\/magical-witch-editions.com\/wp-content\/uploads\/2025\/08\/TofJE2023C-edited-300x300.png 300w, https:\/\/magical-witch-editions.com\/wp-content\/uploads\/2025\/08\/TofJE2023C-edited-150x150.png 150w, https:\/\/magical-witch-editions.com\/wp-content\/uploads\/2025\/08\/TofJE2023C-edited-324x324.png 324w, https:\/\/magical-witch-editions.com\/wp-content\/uploads\/2025\/08\/TofJE2023C-edited-416x416.png 416w, https:\/\/magical-witch-editions.com\/wp-content\/uploads\/2025\/08\/TofJE2023C-edited-100x100.png 100w\" sizes=\"auto, (max-width: 440px) 100vw, 440px\" \/><\/figure>\n<\/figure>\n<\/div><\/div>\n\n\n\n<p>Moonray<\/p>\n\n\n\n<p>Bien qu&#8217;il ne fasse pas son \u00e2ge (kof, kof\u2026), il est de la &#8220;g\u00e9n\u00e9ration Albator&#8221; et vit le trip manga\/japanimation depuis tr\u00e8s longtemps. Ajoutez \u00e0 \u00e7a que ses \u00e9crivains pr\u00e9f\u00e9r\u00e9s sont Neil Gaiman et Terry Pratchett, qu&#8217;il lit en VO, et qu&#8217;il aime les jeux de mots vaseux, et vous serez pr\u00e9venus\u2026<\/p>\n\n\n\n<blockquote class=\"wp-block-quote is-layout-flow wp-block-quote-is-layout-flow\">\n<figure class=\"wp-block-gallery has-nested-images columns-default is-cropped wp-block-gallery-2 is-layout-flex wp-block-gallery-is-layout-flex\"><div class=\"wp-block-image\">\n<figure class=\"aligncenter size-large\"><img loading=\"lazy\" decoding=\"async\" width=\"433\" height=\"536\" data-id=\"387\" src=\"https:\/\/magical-witch-editions.com\/wp-content\/uploads\/2025\/08\/Moonray.jpg\" alt=\"\" class=\"wp-image-387\" srcset=\"https:\/\/magical-witch-editions.com\/wp-content\/uploads\/2025\/08\/Moonray.jpg 433w, https:\/\/magical-witch-editions.com\/wp-content\/uploads\/2025\/08\/Moonray-242x300.jpg 242w, https:\/\/magical-witch-editions.com\/wp-content\/uploads\/2025\/08\/Moonray-416x515.jpg 416w\" sizes=\"auto, (max-width: 433px) 100vw, 433px\" \/><\/figure>\n<\/div><\/figure>\n<\/blockquote>\n\n\n\n<p><\/p>\n","protected":false},"excerpt":{"rendered":"<p>L&#8217;aventure Magical Witch \u2606 a d\u00e9but\u00e9 en 2013 avec Eleme qui voulait juste explorer et d\u00e9velopper le medium de la bande dessin\u00e9e. 10 ans et 8 livres plus tard l&#8217;aventure continue sur ce site! Derri\u00e8re Magical Witch se cache Eleme et Moonray qui sont co-auteurs et partenaires d&#8217;entreprise. Eleme Professeur d&#8217;arts plastiques et b\u00e9d\u00e9iste, elle [&hellip;]<\/p>\n","protected":false},"author":1,"featured_media":0,"parent":0,"menu_order":0,"comment_status":"closed","ping_status":"open","template":"","meta":{"jetpack_post_was_ever_published":false,"footnotes":""},"class_list":["post-2","page","type-page","status-publish","hentry"],"_links":{"self":[{"href":"https:\/\/magical-witch-editions.com\/index.php\/wp-json\/wp\/v2\/pages\/2","targetHints":{"allow":["GET"]}}],"collection":[{"href":"https:\/\/magical-witch-editions.com\/index.php\/wp-json\/wp\/v2\/pages"}],"about":[{"href":"https:\/\/magical-witch-editions.com\/index.php\/wp-json\/wp\/v2\/types\/page"}],"author":[{"embeddable":true,"href":"https:\/\/magical-witch-editions.com\/index.php\/wp-json\/wp\/v2\/users\/1"}],"replies":[{"embeddable":true,"href":"https:\/\/magical-witch-editions.com\/index.php\/wp-json\/wp\/v2\/comments?post=2"}],"version-history":[{"count":6,"href":"https:\/\/magical-witch-editions.com\/index.php\/wp-json\/wp\/v2\/pages\/2\/revisions"}],"predecessor-version":[{"id":388,"href":"https:\/\/magical-witch-editions.com\/index.php\/wp-json\/wp\/v2\/pages\/2\/revisions\/388"}],"wp:attachment":[{"href":"https:\/\/magical-witch-editions.com\/index.php\/wp-json\/wp\/v2\/media?parent=2"}],"curies":[{"name":"wp","href":"https:\/\/api.w.org\/{rel}","templated":true}]}}