{"id":107,"date":"2023-09-26T15:14:38","date_gmt":"2023-09-26T13:14:38","guid":{"rendered":"https:\/\/magical-witch-editions.com\/?post_type=product&#038;p=107"},"modified":"2026-02-16T18:10:58","modified_gmt":"2026-02-16T17:10:58","slug":"estampe-esprit-de-la-foret","status":"publish","type":"product","link":"https:\/\/magical-witch-editions.com\/index.php\/produit\/estampe-esprit-de-la-foret\/","title":{"rendered":"Estampe &#8220;esprit de la for\u00eat&#8221;"},"content":{"rendered":"<p>Impression d&#8217;une gravure sur gomme sign\u00e9e et num\u00e9rot\u00e9<\/p>\n<p>Dimensions approximatives : 9 x 15 cm<\/p>\n","protected":false},"excerpt":{"rendered":"<p>Adoptez votre esprit de la for\u00eat!<\/p>\n<p>Chaque exemplaire \u00e0 des variations qui le rend unique!<\/p>\n<p>Impression manuelle et rehaut de gouache.<\/p>\n","protected":false},"featured_media":108,"comment_status":"open","ping_status":"closed","template":"","meta":{"jetpack_post_was_ever_published":false},"product_cat":[37,25],"product_tag":[],"class_list":["post-107","product","type-product","status-publish","has-post-thumbnail","hentry","product_cat-cartes","product_cat-illustration"],"_links":{"self":[{"href":"https:\/\/magical-witch-editions.com\/index.php\/wp-json\/wp\/v2\/product\/107","targetHints":{"allow":["GET"]}}],"collection":[{"href":"https:\/\/magical-witch-editions.com\/index.php\/wp-json\/wp\/v2\/product"}],"about":[{"href":"https:\/\/magical-witch-editions.com\/index.php\/wp-json\/wp\/v2\/types\/product"}],"replies":[{"embeddable":true,"href":"https:\/\/magical-witch-editions.com\/index.php\/wp-json\/wp\/v2\/comments?post=107"}],"wp:featuredmedia":[{"embeddable":true,"href":"https:\/\/magical-witch-editions.com\/index.php\/wp-json\/wp\/v2\/media\/108"}],"wp:attachment":[{"href":"https:\/\/magical-witch-editions.com\/index.php\/wp-json\/wp\/v2\/media?parent=107"}],"wp:term":[{"taxonomy":"product_cat","embeddable":true,"href":"https:\/\/magical-witch-editions.com\/index.php\/wp-json\/wp\/v2\/product_cat?post=107"},{"taxonomy":"product_tag","embeddable":true,"href":"https:\/\/magical-witch-editions.com\/index.php\/wp-json\/wp\/v2\/product_tag?post=107"}],"curies":[{"name":"wp","href":"https:\/\/api.w.org\/{rel}","templated":true}]}}