{"id":146,"date":"2023-10-04T12:56:14","date_gmt":"2023-10-04T10:56:14","guid":{"rendered":"https:\/\/magical-witch-editions.com\/?post_type=product&#038;p=146"},"modified":"2026-04-27T20:54:17","modified_gmt":"2026-04-27T18:54:17","slug":"carte-halloween","status":"publish","type":"product","link":"https:\/\/magical-witch-editions.com\/index.php\/produit\/carte-halloween\/","title":{"rendered":"Carte Halloween"},"content":{"rendered":"<p>Carte imprim\u00e9 sur papier d&#8217;art, format paysage.<\/p>\n<p>Artiste : Eleme<\/p>\n","protected":false},"excerpt":{"rendered":"<p>Print A5 num\u00e9rot\u00e9 et sign\u00e9<\/p>\n<p>&#8220;Waiting for the witch to get ready&#8221;<\/p>\n","protected":false},"featured_media":141,"comment_status":"open","ping_status":"closed","template":"","meta":{"jetpack_post_was_ever_published":false},"product_cat":[37,25],"product_tag":[],"class_list":["post-146","product","type-product","status-publish","has-post-thumbnail","hentry","product_cat-cartes","product_cat-illustration"],"_links":{"self":[{"href":"https:\/\/magical-witch-editions.com\/index.php\/wp-json\/wp\/v2\/product\/146","targetHints":{"allow":["GET"]}}],"collection":[{"href":"https:\/\/magical-witch-editions.com\/index.php\/wp-json\/wp\/v2\/product"}],"about":[{"href":"https:\/\/magical-witch-editions.com\/index.php\/wp-json\/wp\/v2\/types\/product"}],"replies":[{"embeddable":true,"href":"https:\/\/magical-witch-editions.com\/index.php\/wp-json\/wp\/v2\/comments?post=146"}],"wp:featuredmedia":[{"embeddable":true,"href":"https:\/\/magical-witch-editions.com\/index.php\/wp-json\/wp\/v2\/media\/141"}],"wp:attachment":[{"href":"https:\/\/magical-witch-editions.com\/index.php\/wp-json\/wp\/v2\/media?parent=146"}],"wp:term":[{"taxonomy":"product_cat","embeddable":true,"href":"https:\/\/magical-witch-editions.com\/index.php\/wp-json\/wp\/v2\/product_cat?post=146"},{"taxonomy":"product_tag","embeddable":true,"href":"https:\/\/magical-witch-editions.com\/index.php\/wp-json\/wp\/v2\/product_tag?post=146"}],"curies":[{"name":"wp","href":"https:\/\/api.w.org\/{rel}","templated":true}]}}