{"id":226,"date":"2024-02-17T15:03:10","date_gmt":"2024-02-17T14:03:10","guid":{"rendered":"https:\/\/magical-witch-editions.com\/?post_type=product&#038;p=226"},"modified":"2026-04-27T20:51:06","modified_gmt":"2026-04-27T18:51:06","slug":"la-roue-de-la-journee","status":"publish","type":"product","link":"https:\/\/magical-witch-editions.com\/index.php\/produit\/la-roue-de-la-journee\/","title":{"rendered":"Le Carnet Cr\u00e9atif &#8211; Extrait gratuit"},"content":{"rendered":"<p>Au sommaire:<\/p>\n<ul>\n<li>l&#8217;introduction du Carnet Cr\u00e9atif<\/li>\n<li>la Roue de la journ\u00e9e<\/li>\n<li>la planification sur 1 an<\/li>\n<li>la planification sur 3 mois<\/li>\n<li>la planification mensuelle<\/li>\n<\/ul>\n","protected":false},"excerpt":{"rendered":"<p>Retrouvez la fiche de la Roue de la journ\u00e9e ainsi que la planification sur 1 an, 3 mois et 1 mois en num\u00e9rique pour les r\u00e9imprimer selon vos besoins!<\/p>\n","protected":false},"featured_media":228,"comment_status":"open","ping_status":"closed","template":"","meta":{"jetpack_post_was_ever_published":false},"product_cat":[22],"product_tag":[],"class_list":["post-226","product","type-product","status-publish","has-post-thumbnail","hentry","product_cat-non-classe"],"_links":{"self":[{"href":"https:\/\/magical-witch-editions.com\/index.php\/wp-json\/wp\/v2\/product\/226","targetHints":{"allow":["GET"]}}],"collection":[{"href":"https:\/\/magical-witch-editions.com\/index.php\/wp-json\/wp\/v2\/product"}],"about":[{"href":"https:\/\/magical-witch-editions.com\/index.php\/wp-json\/wp\/v2\/types\/product"}],"replies":[{"embeddable":true,"href":"https:\/\/magical-witch-editions.com\/index.php\/wp-json\/wp\/v2\/comments?post=226"}],"wp:featuredmedia":[{"embeddable":true,"href":"https:\/\/magical-witch-editions.com\/index.php\/wp-json\/wp\/v2\/media\/228"}],"wp:attachment":[{"href":"https:\/\/magical-witch-editions.com\/index.php\/wp-json\/wp\/v2\/media?parent=226"}],"wp:term":[{"taxonomy":"product_cat","embeddable":true,"href":"https:\/\/magical-witch-editions.com\/index.php\/wp-json\/wp\/v2\/product_cat?post=226"},{"taxonomy":"product_tag","embeddable":true,"href":"https:\/\/magical-witch-editions.com\/index.php\/wp-json\/wp\/v2\/product_tag?post=226"}],"curies":[{"name":"wp","href":"https:\/\/api.w.org\/{rel}","templated":true}]}}