{"id":297,"date":"2024-12-04T12:15:51","date_gmt":"2024-12-04T11:15:51","guid":{"rendered":"https:\/\/magical-witch-editions.com\/?post_type=product&#038;p=297"},"modified":"2026-04-27T20:42:56","modified_gmt":"2026-04-27T18:42:56","slug":"carte-de-voeux","status":"publish","type":"product","link":"https:\/\/magical-witch-editions.com\/index.php\/produit\/carte-de-voeux\/","title":{"rendered":"Carte de v\u0153ux"},"content":{"rendered":"<p>Inspir\u00e9e des &#8220;puzzle purses&#8221; de l&#8217;\u00e9poque victorienne cette carte au design \u00e9l\u00e9gant va faire scintiller le nouvel an!<\/p>\n<p>La carte arrive chez vous d\u00e9j\u00e0 pli\u00e9e avec un petit guide pour vous aider \u00e0 la refermer.<\/p>\n<p>dimensions 21 x 21 cm<\/p>\n<p>Papier recycl\u00e9 inscriptible recto\/verso<\/p>\n<p>Projections \u00e0 la main, de peinture scintillante pour un effet holographique !<\/p>\n<p>Illustrations et fa\u00e7onnage r\u00e9alis\u00e9 par Eleme<\/p>\n<p>Frais de port compris.<\/p>\n","protected":false},"excerpt":{"rendered":"<p>Une carte de v\u0153ux originale pour souhaitez la nouvelle ann\u00e9e \u00e0 vos proches !<\/p>\n<p>dimensions 21 x 21 cm<\/p>\n<p>Papier recycl\u00e9 inscriptible recto\/verso<\/p>\n<p>Projections \u00e0 la main, de peinture scintillante pour un effet holographique !<\/p>\n<p>Frais de port compris.<\/p>\n<p>&nbsp;<\/p>\n","protected":false},"featured_media":304,"comment_status":"open","ping_status":"closed","template":"","meta":{"jetpack_post_was_ever_published":false},"product_cat":[37],"product_tag":[],"class_list":["post-297","product","type-product","status-publish","has-post-thumbnail","hentry","product_cat-cartes"],"_links":{"self":[{"href":"https:\/\/magical-witch-editions.com\/index.php\/wp-json\/wp\/v2\/product\/297","targetHints":{"allow":["GET"]}}],"collection":[{"href":"https:\/\/magical-witch-editions.com\/index.php\/wp-json\/wp\/v2\/product"}],"about":[{"href":"https:\/\/magical-witch-editions.com\/index.php\/wp-json\/wp\/v2\/types\/product"}],"replies":[{"embeddable":true,"href":"https:\/\/magical-witch-editions.com\/index.php\/wp-json\/wp\/v2\/comments?post=297"}],"wp:featuredmedia":[{"embeddable":true,"href":"https:\/\/magical-witch-editions.com\/index.php\/wp-json\/wp\/v2\/media\/304"}],"wp:attachment":[{"href":"https:\/\/magical-witch-editions.com\/index.php\/wp-json\/wp\/v2\/media?parent=297"}],"wp:term":[{"taxonomy":"product_cat","embeddable":true,"href":"https:\/\/magical-witch-editions.com\/index.php\/wp-json\/wp\/v2\/product_cat?post=297"},{"taxonomy":"product_tag","embeddable":true,"href":"https:\/\/magical-witch-editions.com\/index.php\/wp-json\/wp\/v2\/product_tag?post=297"}],"curies":[{"name":"wp","href":"https:\/\/api.w.org\/{rel}","templated":true}]}}