{"id":319,"date":"2025-03-04T12:16:15","date_gmt":"2025-03-04T11:16:15","guid":{"rendered":"https:\/\/magical-witch-editions.com\/?post_type=product&#038;p=319"},"modified":"2026-04-17T07:59:56","modified_gmt":"2026-04-17T05:59:56","slug":"magical-witch-le-roman-chapitres-1-et-2-numerique","status":"publish","type":"product","link":"https:\/\/magical-witch-editions.com\/index.php\/produit\/magical-witch-le-roman-chapitres-1-et-2-numerique\/","title":{"rendered":"Magical Witch le roman &#8211; Chapitres 1 et 2 (num\u00e9rique)"},"content":{"rendered":"<p>Chapitres 1 et 2 du roman Magical Witch, \u00e9crit et illustr\u00e9 par Eleme.<\/p>\n","protected":false},"excerpt":{"rendered":"<p>Les 2 premiers chapitres du roman gratuit en version num\u00e9rique !<\/p>\n","protected":false},"featured_media":320,"comment_status":"open","ping_status":"closed","template":"","meta":{"jetpack_post_was_ever_published":false},"product_cat":[26,43,44],"product_tag":[],"class_list":["post-319","product","type-product","status-publish","has-post-thumbnail","hentry","product_cat-livre","product_cat-magical-witch","product_cat-roman"],"_links":{"self":[{"href":"https:\/\/magical-witch-editions.com\/index.php\/wp-json\/wp\/v2\/product\/319","targetHints":{"allow":["GET"]}}],"collection":[{"href":"https:\/\/magical-witch-editions.com\/index.php\/wp-json\/wp\/v2\/product"}],"about":[{"href":"https:\/\/magical-witch-editions.com\/index.php\/wp-json\/wp\/v2\/types\/product"}],"replies":[{"embeddable":true,"href":"https:\/\/magical-witch-editions.com\/index.php\/wp-json\/wp\/v2\/comments?post=319"}],"wp:featuredmedia":[{"embeddable":true,"href":"https:\/\/magical-witch-editions.com\/index.php\/wp-json\/wp\/v2\/media\/320"}],"wp:attachment":[{"href":"https:\/\/magical-witch-editions.com\/index.php\/wp-json\/wp\/v2\/media?parent=319"}],"wp:term":[{"taxonomy":"product_cat","embeddable":true,"href":"https:\/\/magical-witch-editions.com\/index.php\/wp-json\/wp\/v2\/product_cat?post=319"},{"taxonomy":"product_tag","embeddable":true,"href":"https:\/\/magical-witch-editions.com\/index.php\/wp-json\/wp\/v2\/product_tag?post=319"}],"curies":[{"name":"wp","href":"https:\/\/api.w.org\/{rel}","templated":true}]}}