{"id":335,"date":"2025-06-09T17:14:40","date_gmt":"2025-06-09T15:14:40","guid":{"rendered":"https:\/\/magical-witch-editions.com\/?post_type=product&#038;p=335"},"modified":"2026-02-12T18:28:36","modified_gmt":"2026-02-12T17:28:36","slug":"magical-witch-le-roman","status":"publish","type":"product","link":"https:\/\/magical-witch-editions.com\/index.php\/produit\/magical-witch-le-roman\/","title":{"rendered":"Magical Witch le roman"},"content":{"rendered":"<p>Roman jeunesse d&#8217;urban fantasy \u00e0 partir de 10 ans.<\/p>\n<p>Broch\u00e9 avec rabats<\/p>\n<p>192 pages en noir et blanc<\/p>\n<p>39 illustrations<\/p>\n<p>Confort de lecture optimis\u00e9 (Calibri 14 et interligne 1,5)<\/p>\n<p>Le prix comprend le livre, le marque-page, une belle d\u00e9dicace et les frais de port !<\/p>\n","protected":false},"excerpt":{"rendered":"<p><strong>\u00cates-vous pr\u00e8t\u2606e pour une aventure magique?<\/strong><\/p>\n<p>Un myst\u00e8re entoure la naissance de Valentine, retrouv\u00e9e par une \u00e9quipe de sorci\u00e8res dans un Paris secou\u00e9e par l&#8217;apparition de failles menant \u00e0 d&#8217;autres dimensions. Cependant la petite fille, adopt\u00e9e par une sorci\u00e8re, ne montre aucun signe de pouvoir magique. Quand un petit \u00eatre venu d&#8217;une autre dimension lui propose un artefact capable de lui faire utiliser la magie elle se dit qu&#8217;elle va enfin devenir comme ses h\u00e9ro\u00efnes de manga pr\u00e9f\u00e9r\u00e9s : une magical girl!<\/p>\n<p>Un roman jeunesse cosy fantasy qui vous transportera dans un univers magique!<\/p>\n","protected":false},"featured_media":313,"comment_status":"open","ping_status":"closed","template":"","meta":{"jetpack_post_was_ever_published":false},"product_cat":[43,44],"product_tag":[],"class_list":["post-335","product","type-product","status-publish","has-post-thumbnail","hentry","product_cat-magical-witch","product_cat-roman"],"_links":{"self":[{"href":"https:\/\/magical-witch-editions.com\/index.php\/wp-json\/wp\/v2\/product\/335","targetHints":{"allow":["GET"]}}],"collection":[{"href":"https:\/\/magical-witch-editions.com\/index.php\/wp-json\/wp\/v2\/product"}],"about":[{"href":"https:\/\/magical-witch-editions.com\/index.php\/wp-json\/wp\/v2\/types\/product"}],"replies":[{"embeddable":true,"href":"https:\/\/magical-witch-editions.com\/index.php\/wp-json\/wp\/v2\/comments?post=335"}],"wp:featuredmedia":[{"embeddable":true,"href":"https:\/\/magical-witch-editions.com\/index.php\/wp-json\/wp\/v2\/media\/313"}],"wp:attachment":[{"href":"https:\/\/magical-witch-editions.com\/index.php\/wp-json\/wp\/v2\/media?parent=335"}],"wp:term":[{"taxonomy":"product_cat","embeddable":true,"href":"https:\/\/magical-witch-editions.com\/index.php\/wp-json\/wp\/v2\/product_cat?post=335"},{"taxonomy":"product_tag","embeddable":true,"href":"https:\/\/magical-witch-editions.com\/index.php\/wp-json\/wp\/v2\/product_tag?post=335"}],"curies":[{"name":"wp","href":"https:\/\/api.w.org\/{rel}","templated":true}]}}