{"id":354,"date":"2025-06-15T21:19:26","date_gmt":"2025-06-15T19:19:26","guid":{"rendered":"https:\/\/magical-witch-editions.com\/?post_type=product&#038;p=354"},"modified":"2026-04-27T20:51:22","modified_gmt":"2026-04-27T18:51:22","slug":"le-carnet-creatif-numerique","status":"publish","type":"product","link":"https:\/\/magical-witch-editions.com\/index.php\/produit\/le-carnet-creatif-numerique\/","title":{"rendered":"Le Carnet Cr\u00e9atif (Num\u00e9rique)"},"content":{"rendered":"<p>60 pages couleurs<\/p>\n<p>Format PDF<\/p>\n<p>&nbsp;<\/p>\n","protected":false},"excerpt":{"rendered":"<p>On a une id\u00e9e, mais on ne sais pas toujours comment s&#8217;y prendre pour la r\u00e9aliser.<\/p>\n<p>Trop de choses \u00e0 cr\u00e9er et pas assez de temps pour les faire\u00a0!!!<\/p>\n<p>Il faut se rendre \u00e0 l&#8217;\u00e9vidence, notre cerveau bouillonne d&#8217;id\u00e9es et la vie est faite de t\u00e2ches incompressibles.<\/p>\n<p>Ce carnet s&#8217;adresse \u00e0 toute personne ayant un projet cr\u00e9atif et rencontrant des difficult\u00e9s \u00e0 le mener jusqu&#8217;au bout.<\/p>\n<p>Il renferme mes conseils, trucs et astuces que j&#8217;ai pu d\u00e9velopper pour parvenir \u00e0 transformer mes id\u00e9es en r\u00e9alisations concr\u00e8tes durant plus de 15 ans.<\/p>\n<p>Il vous accompagnera pour un projet, des pr\u00e9mices de l&#8217;id\u00e9e jusqu&#8217;\u00e0 sa r\u00e9alisation final.<\/p>\n<p>Il est divis\u00e9 en 4 parties l&#8217;\u00e9tat des lieux, la pr\u00e9paration, la planification et les astuces quand on bloque ou que l&#8217;on se d\u00e9courage.<\/p>\n","protected":false},"featured_media":356,"comment_status":"open","ping_status":"closed","template":"","meta":{"jetpack_post_was_ever_published":false},"product_cat":[22],"product_tag":[],"class_list":["post-354","product","type-product","status-publish","has-post-thumbnail","hentry","product_cat-non-classe"],"_links":{"self":[{"href":"https:\/\/magical-witch-editions.com\/index.php\/wp-json\/wp\/v2\/product\/354","targetHints":{"allow":["GET"]}}],"collection":[{"href":"https:\/\/magical-witch-editions.com\/index.php\/wp-json\/wp\/v2\/product"}],"about":[{"href":"https:\/\/magical-witch-editions.com\/index.php\/wp-json\/wp\/v2\/types\/product"}],"replies":[{"embeddable":true,"href":"https:\/\/magical-witch-editions.com\/index.php\/wp-json\/wp\/v2\/comments?post=354"}],"wp:featuredmedia":[{"embeddable":true,"href":"https:\/\/magical-witch-editions.com\/index.php\/wp-json\/wp\/v2\/media\/356"}],"wp:attachment":[{"href":"https:\/\/magical-witch-editions.com\/index.php\/wp-json\/wp\/v2\/media?parent=354"}],"wp:term":[{"taxonomy":"product_cat","embeddable":true,"href":"https:\/\/magical-witch-editions.com\/index.php\/wp-json\/wp\/v2\/product_cat?post=354"},{"taxonomy":"product_tag","embeddable":true,"href":"https:\/\/magical-witch-editions.com\/index.php\/wp-json\/wp\/v2\/product_tag?post=354"}],"curies":[{"name":"wp","href":"https:\/\/api.w.org\/{rel}","templated":true}]}}