{"id":392,"date":"2025-11-26T11:50:21","date_gmt":"2025-11-26T10:50:21","guid":{"rendered":"https:\/\/magical-witch-editions.com\/?post_type=product&#038;p=392"},"modified":"2026-04-27T20:51:22","modified_gmt":"2026-04-27T18:51:22","slug":"la-petite-chaussette","status":"publish","type":"product","link":"https:\/\/magical-witch-editions.com\/index.php\/produit\/la-petite-chaussette\/","title":{"rendered":"La petite chaussette"},"content":{"rendered":"<p>Album jeunesse broch\u00e9 au format A4, 46 pages couleurs.<\/p>\n<p>Tranche d&#8217;\u00e2ge conseill\u00e9e: 2 \u00e0 5 ans.<\/p>\n","protected":false},"excerpt":{"rendered":"<p>La petite chaussette a perdu sa s\u0153ur dans la machine \u00e0 laver! Ni une ni deux, elle part \u00e0 sa recherche dans les pi\u00e8ces de la maison.<\/p>\n<p>Une histoire d&#8217;amiti\u00e9, d&#8217;acceptation de la diff\u00e9rence&#8230; avec des chaussettes!<\/p>\n<p>Une histoire pour les petits, \u00e9crite par Eleme et illustr\u00e9e par <a href=\"https:\/\/lounadesvaux.com\/\">Louna Desvaux.<\/a><\/p>\n<p>Les frais de port sont inclus dans le prix, et n&#8217;oubliez pas de pr\u00e9ciser lors de la commande \u00e0 quel nom mettre la d\u00e9dicace!<\/p>\n<p>&nbsp;<\/p>\n","protected":false},"featured_media":393,"comment_status":"open","ping_status":"closed","template":"","meta":{"jetpack_post_was_ever_published":false},"product_cat":[46],"product_tag":[],"class_list":["post-392","product","type-product","status-publish","has-post-thumbnail","hentry","product_cat-albums-jeunesses"],"_links":{"self":[{"href":"https:\/\/magical-witch-editions.com\/index.php\/wp-json\/wp\/v2\/product\/392","targetHints":{"allow":["GET"]}}],"collection":[{"href":"https:\/\/magical-witch-editions.com\/index.php\/wp-json\/wp\/v2\/product"}],"about":[{"href":"https:\/\/magical-witch-editions.com\/index.php\/wp-json\/wp\/v2\/types\/product"}],"replies":[{"embeddable":true,"href":"https:\/\/magical-witch-editions.com\/index.php\/wp-json\/wp\/v2\/comments?post=392"}],"wp:featuredmedia":[{"embeddable":true,"href":"https:\/\/magical-witch-editions.com\/index.php\/wp-json\/wp\/v2\/media\/393"}],"wp:attachment":[{"href":"https:\/\/magical-witch-editions.com\/index.php\/wp-json\/wp\/v2\/media?parent=392"}],"wp:term":[{"taxonomy":"product_cat","embeddable":true,"href":"https:\/\/magical-witch-editions.com\/index.php\/wp-json\/wp\/v2\/product_cat?post=392"},{"taxonomy":"product_tag","embeddable":true,"href":"https:\/\/magical-witch-editions.com\/index.php\/wp-json\/wp\/v2\/product_tag?post=392"}],"curies":[{"name":"wp","href":"https:\/\/api.w.org\/{rel}","templated":true}]}}