{"id":58,"date":"2023-09-06T12:53:58","date_gmt":"2023-09-06T10:53:58","guid":{"rendered":"https:\/\/magical-witch-editions.com\/?post_type=product&#038;p=58"},"modified":"2025-04-27T13:51:14","modified_gmt":"2025-04-27T11:51:14","slug":"rendez-vous-en-enfer","status":"publish","type":"product","link":"https:\/\/magical-witch-editions.com\/index.php\/produit\/rendez-vous-en-enfer\/","title":{"rendered":"Rendez-vous en Enfer"},"content":{"rendered":"<p style=\"text-align: center;\">Il y a des soirs o\u00f9 on ferait mieux de rester couch\u00e9. Halloween, par exemple&#8230; Et quelle id\u00e9e d&#8217;emmener des petites filles f\u00eater \u00e7a sur les Champs-\u00c9lys\u00e9es&#8230; On risque de les perdre. A moins que l&#8217;une d&#8217;elles d\u00e9clenche une catastrophe ? Des gamines, c&#8217;est capable de tout, Eleme devrait le savoir. Et puis des soirs comme \u00e7a, il faut aussi faire attention \u00e0 ne pas se tromper de Champs-\u00c9lys\u00e9es.<\/p>\n<p style=\"text-align: center;\">Bref, des soirs comme \u00e7a, \u00e7a devient vite l&#8217;Enfer.<\/p>\n<p>104 pages couleurs<\/p>\n<p>Reliure carr\u00e9 coll\u00e9 avec jaquette<\/p>\n","protected":false},"excerpt":{"rendered":"<p>Album pr\u00e9quel, c&#8217;est une histoire compl\u00e8te<\/p>\n","protected":false},"featured_media":62,"comment_status":"open","ping_status":"closed","template":"","meta":{"jetpack_post_was_ever_published":false},"product_cat":[24,43],"product_tag":[28],"class_list":["post-58","product","type-product","status-publish","has-post-thumbnail","hentry","product_cat-bd","product_cat-magical-witch","product_tag-bd"],"_links":{"self":[{"href":"https:\/\/magical-witch-editions.com\/index.php\/wp-json\/wp\/v2\/product\/58","targetHints":{"allow":["GET"]}}],"collection":[{"href":"https:\/\/magical-witch-editions.com\/index.php\/wp-json\/wp\/v2\/product"}],"about":[{"href":"https:\/\/magical-witch-editions.com\/index.php\/wp-json\/wp\/v2\/types\/product"}],"replies":[{"embeddable":true,"href":"https:\/\/magical-witch-editions.com\/index.php\/wp-json\/wp\/v2\/comments?post=58"}],"wp:featuredmedia":[{"embeddable":true,"href":"https:\/\/magical-witch-editions.com\/index.php\/wp-json\/wp\/v2\/media\/62"}],"wp:attachment":[{"href":"https:\/\/magical-witch-editions.com\/index.php\/wp-json\/wp\/v2\/media?parent=58"}],"wp:term":[{"taxonomy":"product_cat","embeddable":true,"href":"https:\/\/magical-witch-editions.com\/index.php\/wp-json\/wp\/v2\/product_cat?post=58"},{"taxonomy":"product_tag","embeddable":true,"href":"https:\/\/magical-witch-editions.com\/index.php\/wp-json\/wp\/v2\/product_tag?post=58"}],"curies":[{"name":"wp","href":"https:\/\/api.w.org\/{rel}","templated":true}]}}