{"id":64,"date":"2023-09-06T14:21:44","date_gmt":"2023-09-06T12:21:44","guid":{"rendered":"https:\/\/magical-witch-editions.com\/?post_type=product&#038;p=64"},"modified":"2025-04-13T14:12:55","modified_gmt":"2025-04-13T12:12:55","slug":"magical-witch-fairy-world","status":"publish","type":"product","link":"https:\/\/magical-witch-editions.com\/index.php\/produit\/magical-witch-fairy-world\/","title":{"rendered":"Magical Witch Fairy World"},"content":{"rendered":"<p style=\"text-align: center;\">Les sorci\u00e8res, c&#8217;est bien, mais il n&#8217;y a pas que \u00e7a, dans le monde de la magie&#8230; Il y a aussi les mages f\u00e9es !<\/p>\n<p style=\"text-align: center;\">Eleme, Valentine et Gene vont donc \u00e0 la d\u00e9couverte de l&#8217;univers de leur amie P\u00e2querette : celui des f\u00e9es des fleurs. Qui comme tout univers, peut aussi offrir quelques surprises et \u00e9corner quelques pr\u00e9jug\u00e9s quand on y regarde de plus pr\u00e8s.<\/p>\n<p style=\"text-align: center;\">Et puis, ces rencontres, \u00e7a peut aussi \u00eatre l&#8217;occasion de se faire des amies&#8230; Ou pas.<\/p>\n<p>86 pages couleurs<\/p>\n<p>Reliure carr\u00e9 coll\u00e9 avec jaquette<\/p>\n","protected":false},"excerpt":{"rendered":"<p>2e recueil de gags centr\u00e9 sur l&#8217;univers des f\u00e9es des fleurs<\/p>\n","protected":false},"featured_media":65,"comment_status":"open","ping_status":"closed","template":"","meta":{"jetpack_post_was_ever_published":false},"product_cat":[24,43],"product_tag":[28,32,31],"class_list":["post-64","product","type-product","status-publish","has-post-thumbnail","hentry","product_cat-bd","product_cat-magical-witch","product_tag-bd","product_tag-fee","product_tag-humour"],"_links":{"self":[{"href":"https:\/\/magical-witch-editions.com\/index.php\/wp-json\/wp\/v2\/product\/64","targetHints":{"allow":["GET"]}}],"collection":[{"href":"https:\/\/magical-witch-editions.com\/index.php\/wp-json\/wp\/v2\/product"}],"about":[{"href":"https:\/\/magical-witch-editions.com\/index.php\/wp-json\/wp\/v2\/types\/product"}],"replies":[{"embeddable":true,"href":"https:\/\/magical-witch-editions.com\/index.php\/wp-json\/wp\/v2\/comments?post=64"}],"wp:featuredmedia":[{"embeddable":true,"href":"https:\/\/magical-witch-editions.com\/index.php\/wp-json\/wp\/v2\/media\/65"}],"wp:attachment":[{"href":"https:\/\/magical-witch-editions.com\/index.php\/wp-json\/wp\/v2\/media?parent=64"}],"wp:term":[{"taxonomy":"product_cat","embeddable":true,"href":"https:\/\/magical-witch-editions.com\/index.php\/wp-json\/wp\/v2\/product_cat?post=64"},{"taxonomy":"product_tag","embeddable":true,"href":"https:\/\/magical-witch-editions.com\/index.php\/wp-json\/wp\/v2\/product_tag?post=64"}],"curies":[{"name":"wp","href":"https:\/\/api.w.org\/{rel}","templated":true}]}}