{"id":66,"date":"2023-09-06T14:25:18","date_gmt":"2023-09-06T12:25:18","guid":{"rendered":"https:\/\/magical-witch-editions.com\/?post_type=product&#038;p=66"},"modified":"2025-04-13T14:12:45","modified_gmt":"2025-04-13T12:12:45","slug":"marraines-dun-jour","status":"publish","type":"product","link":"https:\/\/magical-witch-editions.com\/index.php\/produit\/marraines-dun-jour\/","title":{"rendered":"Marraines d&#8217;un jour"},"content":{"rendered":"<p style=\"text-align: center;\">C&#8217;est important, une marraine, surtout si elle est magique. Tous les contes le montrent, et il vaut mieux ne pas les oublier quand on envoie les faire-part de bapt\u00eame.<\/p>\n<p style=\"text-align: center;\">Du coup, pour les f\u00e9es et les sorci\u00e8res, c&#8217;est aussi une \u00e9norme responsabilit\u00e9. M\u00eame si ce n&#8217;est qu&#8217;une option pour le dipl\u00f4me, pas \u00e9tonnant que \u00e7a cr\u00e9e des ranc\u0153urs quand \u00e7a ne se passe pas bien.<\/p>\n<p style=\"text-align: center;\">Mais que s&#8217;est-il pass\u00e9 exactement lors de l&#8217;examen d&#8217;Eleme et Rose?<\/p>\n<p style=\"text-align: center;\">D\u00e9couvrez l&#8217;origine de leur brouille, une histoire de princes et de princesses, de f\u00e9es, de sorci\u00e8res et de sorciers, o\u00f9 nos h\u00e9ro\u00efnes ont fort \u00e0 faire pour \u00e9viter que tout ne parte en quenouille.<\/p>\n<p style=\"text-align: center;\">Et une quenouille dans un conte de f\u00e9es, c&#8217;est vraiment mauvais signe&#8230;<\/p>\n<p>86 pages couleurs<\/p>\n<p>Reliure carr\u00e9 coll\u00e9 avec jaquette<\/p>\n","protected":false},"excerpt":{"rendered":"<p>Second album prequel de Magical Witch<\/p>\n","protected":false},"featured_media":67,"comment_status":"open","ping_status":"closed","template":"","meta":{"jetpack_post_was_ever_published":false},"product_cat":[24,43],"product_tag":[28],"class_list":["post-66","product","type-product","status-publish","has-post-thumbnail","hentry","product_cat-bd","product_cat-magical-witch","product_tag-bd"],"_links":{"self":[{"href":"https:\/\/magical-witch-editions.com\/index.php\/wp-json\/wp\/v2\/product\/66","targetHints":{"allow":["GET"]}}],"collection":[{"href":"https:\/\/magical-witch-editions.com\/index.php\/wp-json\/wp\/v2\/product"}],"about":[{"href":"https:\/\/magical-witch-editions.com\/index.php\/wp-json\/wp\/v2\/types\/product"}],"replies":[{"embeddable":true,"href":"https:\/\/magical-witch-editions.com\/index.php\/wp-json\/wp\/v2\/comments?post=66"}],"wp:featuredmedia":[{"embeddable":true,"href":"https:\/\/magical-witch-editions.com\/index.php\/wp-json\/wp\/v2\/media\/67"}],"wp:attachment":[{"href":"https:\/\/magical-witch-editions.com\/index.php\/wp-json\/wp\/v2\/media?parent=66"}],"wp:term":[{"taxonomy":"product_cat","embeddable":true,"href":"https:\/\/magical-witch-editions.com\/index.php\/wp-json\/wp\/v2\/product_cat?post=66"},{"taxonomy":"product_tag","embeddable":true,"href":"https:\/\/magical-witch-editions.com\/index.php\/wp-json\/wp\/v2\/product_tag?post=66"}],"curies":[{"name":"wp","href":"https:\/\/api.w.org\/{rel}","templated":true}]}}